{"id":509,"date":"-0001-11-30T00:00:00","date_gmt":"-0001-11-30T00:00:00","guid":{"rendered":""},"modified":"-0001-11-30T00:00:00","modified_gmt":"-0001-11-30T00:00:00","slug":"r-rv-rmev-xlare-hxtxx1","status":"publish","type":"page","link":"http:\/\/www.celeris.ru\/en\/products\/heat-exchangers\/tube-heat-exchangers\/r-rv-rmev-xlare-hxtxx1","title":{"rendered":"r\u00f6rv\u00e4rmev\u00e4xlare (hxtxx1)"},"content":{"rendered":"","protected":false},"excerpt":{"rendered":"","protected":false},"author":1,"featured_media":0,"parent":508,"menu_order":0,"comment_status":"open","ping_status":"open","template":"","meta":[],"_links":{"self":[{"href":"http:\/\/www.celeris.ru\/en\/wp-json\/wp\/v2\/pages\/509"}],"collection":[{"href":"http:\/\/www.celeris.ru\/en\/wp-json\/wp\/v2\/pages"}],"about":[{"href":"http:\/\/www.celeris.ru\/en\/wp-json\/wp\/v2\/types\/page"}],"author":[{"embeddable":true,"href":"http:\/\/www.celeris.ru\/en\/wp-json\/wp\/v2\/users\/1"}],"replies":[{"embeddable":true,"href":"http:\/\/www.celeris.ru\/en\/wp-json\/wp\/v2\/comments?post=509"}],"version-history":[{"count":0,"href":"http:\/\/www.celeris.ru\/en\/wp-json\/wp\/v2\/pages\/509\/revisions"}],"up":[{"embeddable":true,"href":"http:\/\/www.celeris.ru\/en\/wp-json\/wp\/v2\/pages\/508"}],"wp:attachment":[{"href":"http:\/\/www.celeris.ru\/en\/wp-json\/wp\/v2\/media?parent=509"}],"curies":[{"name":"wp","href":"https:\/\/api.w.org\/{rel}","templated":true}]}}